{"id":819,"date":"2023-01-09T11:59:07","date_gmt":"2023-01-09T08:59:07","guid":{"rendered":"https:\/\/proino.com\/optik-sistemler\/"},"modified":"2023-01-24T13:55:16","modified_gmt":"2023-01-24T10:55:16","slug":"optical-systems","status":"publish","type":"page","link":"https:\/\/proino.com\/en\/optical-systems\/","title":{"rendered":"Optical Systems"},"content":{"rendered":"\n<p>PRO\u0130NO optik sistemler i\u00e7in \u00fcr\u00fcn tasarlama, \u00fcr\u00fcnlerin test ve analizlerini ger\u00e7ekle\u015ftirme ve \u00fcretme konusunda uzmanla\u015fm\u0131\u015f bir firmad\u0131r. Havac\u0131l\u0131k ve savunma sanayi ba\u015fta olmak \u00fczere bir\u00e7ok alt sisteme sorunsuz \u015fekilde entegre edilen tasar\u0131mlar\u0131 sayesinde m\u00fc\u015fterilerine \u00e7\u00f6z\u00fcm odakl\u0131 \u00fcr\u00fcnler sunmaktad\u0131r.<\/p>\n\n\n\n<p>M\u00fc\u015fteri talepleri do\u011frultusunda tasarlanan \u00fcr\u00fcn aileleri sayesinde farkl\u0131 ebat, \u00f6l\u00e7\u00fc ve teknik isterleri kar\u015f\u0131layabilmektedir. Sorunsuz ve kolay entegre edilebilen \u00fcr\u00fcnler sayesinde m\u00fc\u015fteriler taraf\u0131ndan tercih edilmektedir.<\/p>\n\n\n\n<p>Optik sistemler i\u00e7in \u00fcretilmi\u015f olan g\u00f6r\u00fcnt\u00fc kesiciler geni\u015f \u00fcr\u00fcn yelpazesi ile m\u00fc\u015fterilere sunulmaktad\u0131r.<\/p>\n","protected":false},"excerpt":{"rendered":"PRO\u0130NO optik sistemler i\u00e7in \u00fcr\u00fcn tasarlama, \u00fcr\u00fcnlerin test ve analizlerini ger\u00e7ekle\u015ftirme ve \u00fcretme konusunda uzmanla\u015fm\u0131\u015f bir firmad\u0131r. Havac\u0131l\u0131k ve savunma sanayi ba\u015fta olmak \u00fczere bir\u00e7ok alt sisteme sorunsuz \u015fekilde entegre edilen tasar\u0131mlar\u0131 sayesinde m\u00fc\u015fterilerine \u00e7\u00f6z\u00fcm odakl\u0131 \u00fcr\u00fcnler sunmaktad\u0131r. M\u00fc\u015fteri talepleri do\u011frultusunda tasarlanan \u00fcr\u00fcn aileleri sayesinde farkl\u0131 ebat, \u00f6l\u00e7\u00fc ve teknik isterleri kar\u015f\u0131layabilmektedir. Sorunsuz ve kolay [&hellip;]","protected":false},"author":1,"featured_media":165,"parent":0,"menu_order":0,"comment_status":"closed","ping_status":"closed","template":"","meta":{"nf_dc_page":"","footnotes":""},"class_list":["post-819","page","type-page","status-publish","has-post-thumbnail","hentry"],"yoast_head":"<!-- This site is optimized with the Yoast SEO plugin v27.4 - https:\/\/yoast.com\/product\/yoast-seo-wordpress\/ -->\n<title>Optical Systems - Proino<\/title>\n<meta name=\"description\" content=\"PRO\u0130NO optik sistemler i\u00e7in \u00fcr\u00fcn tasarlama, \u00fcr\u00fcnlerin test ve analizlerini ger\u00e7ekle\u015ftirme ve \u00fcretme konusunda uzmanla\u015fm\u0131\u015f bir firmad\u0131r. Havac\u0131l\u0131k ve\" \/>\n<meta name=\"robots\" content=\"index, follow, max-snippet:-1, max-image-preview:large, max-video-preview:-1\" \/>\n<link rel=\"canonical\" href=\"https:\/\/proino.com\/en\/optical-systems\/\" \/>\n<meta property=\"og:locale\" content=\"en_US\" \/>\n<meta property=\"og:type\" content=\"article\" \/>\n<meta property=\"og:title\" content=\"Optical Systems - Proino\" \/>\n<meta property=\"og:description\" content=\"PRO\u0130NO optik sistemler i\u00e7in \u00fcr\u00fcn tasarlama, \u00fcr\u00fcnlerin test ve analizlerini ger\u00e7ekle\u015ftirme ve \u00fcretme konusunda uzmanla\u015fm\u0131\u015f bir firmad\u0131r. Havac\u0131l\u0131k ve\" \/>\n<meta property=\"og:url\" content=\"https:\/\/proino.com\/en\/optical-systems\/\" \/>\n<meta property=\"og:site_name\" content=\"Proino\" \/>\n<meta property=\"article:modified_time\" content=\"2023-01-24T10:55:16+00:00\" \/>\n<meta property=\"og:image\" content=\"https:\/\/proino.com\/wp-content\/uploads\/2023\/01\/implement01.jpg\" \/>\n\t<meta property=\"og:image:width\" content=\"400\" \/>\n\t<meta property=\"og:image:height\" content=\"400\" \/>\n\t<meta property=\"og:image:type\" content=\"image\/jpeg\" \/>\n<meta name=\"twitter:card\" content=\"summary_large_image\" \/>\n<meta name=\"twitter:label1\" content=\"Est. reading time\" \/>\n\t<meta name=\"twitter:data1\" content=\"1 minute\" \/>\n<script type=\"application\/ld+json\" class=\"yoast-schema-graph\">{\"@context\":\"https:\\\/\\\/schema.org\",\"@graph\":[{\"@type\":\"WebPage\",\"@id\":\"https:\\\/\\\/proino.com\\\/en\\\/optical-systems\\\/\",\"url\":\"https:\\\/\\\/proino.com\\\/en\\\/optical-systems\\\/\",\"name\":\"Optical Systems - Proino\",\"isPartOf\":{\"@id\":\"https:\\\/\\\/proino.com\\\/en\\\/#website\"},\"primaryImageOfPage\":{\"@id\":\"https:\\\/\\\/proino.com\\\/en\\\/optical-systems\\\/#primaryimage\"},\"image\":{\"@id\":\"https:\\\/\\\/proino.com\\\/en\\\/optical-systems\\\/#primaryimage\"},\"thumbnailUrl\":\"https:\\\/\\\/proino.com\\\/wp-content\\\/uploads\\\/2023\\\/01\\\/implement01.jpg\",\"datePublished\":\"2023-01-09T08:59:07+00:00\",\"dateModified\":\"2023-01-24T10:55:16+00:00\",\"description\":\"PRO\u0130NO optik sistemler i\u00e7in \u00fcr\u00fcn tasarlama, \u00fcr\u00fcnlerin test ve analizlerini ger\u00e7ekle\u015ftirme ve \u00fcretme konusunda uzmanla\u015fm\u0131\u015f bir firmad\u0131r. Havac\u0131l\u0131k ve\",\"breadcrumb\":{\"@id\":\"https:\\\/\\\/proino.com\\\/en\\\/optical-systems\\\/#breadcrumb\"},\"inLanguage\":\"en-US\",\"potentialAction\":[{\"@type\":\"ReadAction\",\"target\":[\"https:\\\/\\\/proino.com\\\/en\\\/optical-systems\\\/\"]}]},{\"@type\":\"ImageObject\",\"inLanguage\":\"en-US\",\"@id\":\"https:\\\/\\\/proino.com\\\/en\\\/optical-systems\\\/#primaryimage\",\"url\":\"https:\\\/\\\/proino.com\\\/wp-content\\\/uploads\\\/2023\\\/01\\\/implement01.jpg\",\"contentUrl\":\"https:\\\/\\\/proino.com\\\/wp-content\\\/uploads\\\/2023\\\/01\\\/implement01.jpg\",\"width\":400,\"height\":400},{\"@type\":\"BreadcrumbList\",\"@id\":\"https:\\\/\\\/proino.com\\\/en\\\/optical-systems\\\/#breadcrumb\",\"itemListElement\":[{\"@type\":\"ListItem\",\"position\":1,\"name\":\"Anasayfa\",\"item\":\"https:\\\/\\\/proino.com\\\/en\\\/\"},{\"@type\":\"ListItem\",\"position\":2,\"name\":\"Optical Systems\"}]},{\"@type\":\"WebSite\",\"@id\":\"https:\\\/\\\/proino.com\\\/en\\\/#website\",\"url\":\"https:\\\/\\\/proino.com\\\/en\\\/\",\"name\":\"Proino\",\"description\":\"\",\"publisher\":{\"@id\":\"https:\\\/\\\/proino.com\\\/en\\\/#organization\"},\"potentialAction\":[{\"@type\":\"SearchAction\",\"target\":{\"@type\":\"EntryPoint\",\"urlTemplate\":\"https:\\\/\\\/proino.com\\\/en\\\/?s={search_term_string}\"},\"query-input\":{\"@type\":\"PropertyValueSpecification\",\"valueRequired\":true,\"valueName\":\"search_term_string\"}}],\"inLanguage\":\"en-US\"},{\"@type\":\"Organization\",\"@id\":\"https:\\\/\\\/proino.com\\\/en\\\/#organization\",\"name\":\"Proino\",\"url\":\"https:\\\/\\\/proino.com\\\/en\\\/\",\"logo\":{\"@type\":\"ImageObject\",\"inLanguage\":\"en-US\",\"@id\":\"https:\\\/\\\/proino.com\\\/en\\\/#\\\/schema\\\/logo\\\/image\\\/\",\"url\":\"https:\\\/\\\/proino.com\\\/wp-content\\\/uploads\\\/2023\\\/01\\\/logo-white.png\",\"contentUrl\":\"https:\\\/\\\/proino.com\\\/wp-content\\\/uploads\\\/2023\\\/01\\\/logo-white.png\",\"width\":351,\"height\":108,\"caption\":\"Proino\"},\"image\":{\"@id\":\"https:\\\/\\\/proino.com\\\/en\\\/#\\\/schema\\\/logo\\\/image\\\/\"}}]}<\/script>\n<!-- \/ Yoast SEO plugin. -->","yoast_head_json":{"title":"Optical Systems - Proino","description":"PRO\u0130NO optik sistemler i\u00e7in \u00fcr\u00fcn tasarlama, \u00fcr\u00fcnlerin test ve analizlerini ger\u00e7ekle\u015ftirme ve \u00fcretme konusunda uzmanla\u015fm\u0131\u015f bir firmad\u0131r. Havac\u0131l\u0131k ve","robots":{"index":"index","follow":"follow","max-snippet":"max-snippet:-1","max-image-preview":"max-image-preview:large","max-video-preview":"max-video-preview:-1"},"canonical":"https:\/\/proino.com\/en\/optical-systems\/","og_locale":"en_US","og_type":"article","og_title":"Optical Systems - Proino","og_description":"PRO\u0130NO optik sistemler i\u00e7in \u00fcr\u00fcn tasarlama, \u00fcr\u00fcnlerin test ve analizlerini ger\u00e7ekle\u015ftirme ve \u00fcretme konusunda uzmanla\u015fm\u0131\u015f bir firmad\u0131r. Havac\u0131l\u0131k ve","og_url":"https:\/\/proino.com\/en\/optical-systems\/","og_site_name":"Proino","article_modified_time":"2023-01-24T10:55:16+00:00","og_image":[{"width":400,"height":400,"url":"https:\/\/proino.com\/wp-content\/uploads\/2023\/01\/implement01.jpg","type":"image\/jpeg"}],"twitter_card":"summary_large_image","twitter_misc":{"Est. reading time":"1 minute"},"schema":{"@context":"https:\/\/schema.org","@graph":[{"@type":"WebPage","@id":"https:\/\/proino.com\/en\/optical-systems\/","url":"https:\/\/proino.com\/en\/optical-systems\/","name":"Optical Systems - Proino","isPartOf":{"@id":"https:\/\/proino.com\/en\/#website"},"primaryImageOfPage":{"@id":"https:\/\/proino.com\/en\/optical-systems\/#primaryimage"},"image":{"@id":"https:\/\/proino.com\/en\/optical-systems\/#primaryimage"},"thumbnailUrl":"https:\/\/proino.com\/wp-content\/uploads\/2023\/01\/implement01.jpg","datePublished":"2023-01-09T08:59:07+00:00","dateModified":"2023-01-24T10:55:16+00:00","description":"PRO\u0130NO optik sistemler i\u00e7in \u00fcr\u00fcn tasarlama, \u00fcr\u00fcnlerin test ve analizlerini ger\u00e7ekle\u015ftirme ve \u00fcretme konusunda uzmanla\u015fm\u0131\u015f bir firmad\u0131r. Havac\u0131l\u0131k ve","breadcrumb":{"@id":"https:\/\/proino.com\/en\/optical-systems\/#breadcrumb"},"inLanguage":"en-US","potentialAction":[{"@type":"ReadAction","target":["https:\/\/proino.com\/en\/optical-systems\/"]}]},{"@type":"ImageObject","inLanguage":"en-US","@id":"https:\/\/proino.com\/en\/optical-systems\/#primaryimage","url":"https:\/\/proino.com\/wp-content\/uploads\/2023\/01\/implement01.jpg","contentUrl":"https:\/\/proino.com\/wp-content\/uploads\/2023\/01\/implement01.jpg","width":400,"height":400},{"@type":"BreadcrumbList","@id":"https:\/\/proino.com\/en\/optical-systems\/#breadcrumb","itemListElement":[{"@type":"ListItem","position":1,"name":"Anasayfa","item":"https:\/\/proino.com\/en\/"},{"@type":"ListItem","position":2,"name":"Optical Systems"}]},{"@type":"WebSite","@id":"https:\/\/proino.com\/en\/#website","url":"https:\/\/proino.com\/en\/","name":"Proino","description":"","publisher":{"@id":"https:\/\/proino.com\/en\/#organization"},"potentialAction":[{"@type":"SearchAction","target":{"@type":"EntryPoint","urlTemplate":"https:\/\/proino.com\/en\/?s={search_term_string}"},"query-input":{"@type":"PropertyValueSpecification","valueRequired":true,"valueName":"search_term_string"}}],"inLanguage":"en-US"},{"@type":"Organization","@id":"https:\/\/proino.com\/en\/#organization","name":"Proino","url":"https:\/\/proino.com\/en\/","logo":{"@type":"ImageObject","inLanguage":"en-US","@id":"https:\/\/proino.com\/en\/#\/schema\/logo\/image\/","url":"https:\/\/proino.com\/wp-content\/uploads\/2023\/01\/logo-white.png","contentUrl":"https:\/\/proino.com\/wp-content\/uploads\/2023\/01\/logo-white.png","width":351,"height":108,"caption":"Proino"},"image":{"@id":"https:\/\/proino.com\/en\/#\/schema\/logo\/image\/"}}]}},"_links":{"self":[{"href":"https:\/\/proino.com\/en\/wp-json\/wp\/v2\/pages\/819","targetHints":{"allow":["GET"]}}],"collection":[{"href":"https:\/\/proino.com\/en\/wp-json\/wp\/v2\/pages"}],"about":[{"href":"https:\/\/proino.com\/en\/wp-json\/wp\/v2\/types\/page"}],"author":[{"embeddable":true,"href":"https:\/\/proino.com\/en\/wp-json\/wp\/v2\/users\/1"}],"replies":[{"embeddable":true,"href":"https:\/\/proino.com\/en\/wp-json\/wp\/v2\/comments?post=819"}],"version-history":[{"count":3,"href":"https:\/\/proino.com\/en\/wp-json\/wp\/v2\/pages\/819\/revisions"}],"predecessor-version":[{"id":1120,"href":"https:\/\/proino.com\/en\/wp-json\/wp\/v2\/pages\/819\/revisions\/1120"}],"wp:featuredmedia":[{"embeddable":true,"href":"https:\/\/proino.com\/en\/wp-json\/wp\/v2\/media\/165"}],"wp:attachment":[{"href":"https:\/\/proino.com\/en\/wp-json\/wp\/v2\/media?parent=819"}],"curies":[{"name":"wp","href":"https:\/\/api.w.org\/{rel}","templated":true}]}}